{"id":17,"date":"2019-02-13T07:32:02","date_gmt":"2019-02-13T07:32:02","guid":{"rendered":"https:\/\/themify.me\/demo\/themes\/ultra-coffee\/?page_id=232"},"modified":"2022-05-28T02:51:15","modified_gmt":"2022-05-28T02:51:15","slug":"contact","status":"publish","type":"page","link":"https:\/\/codesis.cl\/frutosconsentidos\/contact\/","title":{"rendered":"Contact"},"content":{"rendered":"<!--themify_builder_content-->\n<div id=\"themify_builder_content-17\" data-postid=\"17\" class=\"themify_builder_content themify_builder_content-17 themify_builder tf_clear\">\n    \t<!-- module_row -->\n\t<div  data-lazy=\"1\" class=\"module_row themify_builder_row builder-parallax-scrolling tb_uefx332 tb_first tf_clearfix\" >\n\t    <div class=\"tf_abs builder_row_cover\"><\/div>\t\t<div class=\"row_inner col_align_top tf_box tf_w tf_rel\">\n\t\t\t<div  data-lazy=\"1\" class=\"module_column tb-column col-full first tb_121n335 tf_box\">\n\t\t\t    \t        <div class=\"tb-column-inner tf_box tf_w\">\n\t\t    <!-- module fancy heading -->\n<div  class=\"module module-fancy-heading tb_pfmj221  tb_hide_divider\" data-lazy=\"1\">\n        <h1 class=\"fancy-heading tf_textc\">\n    <span  class=\"main-head tf_block\">\n\t\t\t\t\tCont\u00e1ctanos\t\t    <\/span>\n    <span class=\"sub-head tf_block tf_rel\">\n\t\t\t\t\t\t\t    <\/span>\n    <\/h1>\n<\/div>\n<!-- \/module fancy heading -->\n<!-- module image -->\n<div  class=\"module module-image tb_m4x40   image-center tf_mw\" data-lazy=\"1\">\n        <div class=\"image-wrap tf_rel tf_mw\">\n\t\t    <img loading=\"lazy\" decoding=\"async\" src=\"https:\/\/themify.me\/demo\/themes\/shoppe-coffee\/files\/2021\/08\/coffee-bean-divider.png\" width=\"300\" height=\"21\" title=\"Contact\" alt=\"Contact\">\t\n\t\t<\/div>\n\t<!-- \/image-wrap -->\n    \n    \t<\/div>\n<!-- \/module image -->\t        <\/div>\n\t    \t<\/div>\n\t\t    <\/div>\n\t    <!-- \/row_inner -->\n\t<\/div>\n\t<!-- \/module_row -->\n\t\t<!-- module_row -->\n\t<div  data-lazy=\"1\" class=\"module_row themify_builder_row repeat-none tb_3ott870 tf_clearfix\" >\n\t    \t\t<div class=\"row_inner col_align_top tf_box tf_w tf_rel\">\n\t\t\t<div  data-lazy=\"1\" class=\"module_column tb-column col-full first tb_bz9w873 tf_box\">\n\t\t\t    \t        <div class=\"tb-column-inner tf_box tf_w\">\n\t\t    <!-- module fancy heading -->\n<div  class=\"module module-fancy-heading tb_ytc612  tb_hide_divider\" data-lazy=\"1\">\n        <h3 class=\"fancy-heading tf_textc\">\n    <span  class=\"main-head tf_block\">\n\t\t\t\t\t\t\t    <\/span>\n    <span class=\"sub-head tf_block tf_rel\">\n\t\t\t\t\tPara que nos dejes saber lo que necesitas\t\t    <\/span>\n    <\/h3>\n<\/div>\n<!-- \/module fancy heading -->\n\t        <\/div>\n\t    \t<\/div>\n\t\t    <\/div>\n\t    <!-- \/row_inner -->\n\t<\/div>\n\t<!-- \/module_row -->\n\t\t<!-- module_row -->\n\t<div  data-lazy=\"1\" class=\"module_row themify_builder_row repeat tb_xila890 tf_clearfix\" >\n\t    \t\t<div class=\"row_inner col_align_top tf_box tf_w tf_rel\"  data-basecol=\"1\" data-col_tablet=\"column-full\" data-col_tablet_landscape=\"column3-1\">\n\t\t\t<div  data-lazy=\"1\" class=\"module_column tb-column col-full first tb_4s0a891 tf_box\">\n\t\t\t    \t        <div class=\"tb-column-inner tf_box tf_w\">\n\t\t    \t<div  data-lazy=\"1\" class=\"module_subrow themify_builder_sub_row repeat tb_osnr891 tf_w tf_clearfix\">\n\t    \t\t<div class=\"subrow_inner gutter-none col_align_top tf_box tf_w\"  data-basecol=\"2\" data-col_tablet=\"column4-2\" data-col_tablet_landscape=\"column-full\">\n\t\t\t<div  data-lazy=\"1\" class=\"sub_column module_column tf_box col4-2 first tb_04ur891\"> \n\t    \t    \t        <div class=\"tb-column-inner tf_box tf_w\">\n\t\t    <!-- module icon -->\n<div  class=\"module module-icon tb_nw2v892  normal circle icon_horizontal \" data-lazy=\"1\">\n    \t    <div class=\"module-icon-item tf_inline_b\">\n\t\t\t\t\t\t\t\t\t\t\t\t\t\t\t\t\t<em class=\"ui tf_vmiddle tf_textc tf_box \"><svg  aria-hidden=\"true\" class=\"tf_fa tf-fas-phone\"><use href=\"#tf-fas-phone\"><\/use><\/svg><\/em>\n\t\t\t\t\t\t\t\t\t\t\t\t                    \t\t\t\t\t<span class=\"tf_vmiddle\">Whatsapp<\/span>\n                                    \t\t\t\t    <\/div>\n\t<\/div>\n<!-- \/module icon -->\n<!-- module text -->\n<div  class=\"module module-text tb_r4la892  repeat \" data-lazy=\"1\">\n        <div  class=\"tb_text_wrap\">\n    <p>(+569) 9308 1454<\/p>    <\/div>\n<\/div>\n<!-- \/module text --><!-- module icon -->\n<div  class=\"module module-icon tb_iaxw892  normal circle icon_horizontal \" data-lazy=\"1\">\n    \t    <div class=\"module-icon-item tf_inline_b\">\n\t\t\t\t\t\t\t\t\t\t\t\t\t\t\t\t\t<em class=\"ui tf_vmiddle tf_textc tf_box \"><svg  aria-hidden=\"true\" class=\"tf_fa tf-far-envelope\"><use href=\"#tf-far-envelope\"><\/use><\/svg><\/em>\n\t\t\t\t\t\t\t\t\t\t\t\t                    \t\t\t\t\t<span class=\"tf_vmiddle\">Email<\/span>\n                                    \t\t\t\t    <\/div>\n\t<\/div>\n<!-- \/module icon -->\n<!-- module text -->\n<div  class=\"module module-text tb_ywxa892  repeat \" data-lazy=\"1\">\n        <div  class=\"tb_text_wrap\">\n    <p>ventas@frutosconsentidos.cl<\/p>    <\/div>\n<\/div>\n<!-- \/module text -->\t        <\/div>\n\t    \t<\/div>\n\t\t<div  data-lazy=\"1\" class=\"sub_column module_column tf_box col4-2 last tb_7aot118\"> \n\t    \t    \t        <div class=\"tb-column-inner tf_box tf_w\">\n\t\t    <!-- module icon -->\n<div  class=\"module module-icon tb_18a9892  normal circle icon_horizontal \" data-lazy=\"1\">\n    \t    <div class=\"module-icon-item tf_inline_b\">\n\t\t\t\t\t\t\t\t\t\t\t\t\t\t\t\t\t<em class=\"ui tf_vmiddle tf_textc tf_box \"><svg  aria-hidden=\"true\" class=\"tf_fa tf-fas-hashtag\"><use href=\"#tf-fas-hashtag\"><\/use><\/svg><\/em>\n\t\t\t\t\t\t\t\t\t\t\t\t                    \t\t\t\t\t<span class=\"tf_vmiddle\">Redes sociales<\/span>\n                                    \t\t\t\t    <\/div>\n\t<\/div>\n<!-- \/module icon -->\n<!-- module icon -->\n<div  class=\"module module-icon tb_rlqz892  normal circle icon_horizontal \" data-lazy=\"1\">\n    \t    <div class=\"module-icon-item tf_inline_b\">\n\t\t\t\t\t\t\t<a href=\"https:\/\/www.instagram.com\/frutosconsentidos.cl\/\" rel=\"noopener\" target=\"_blank\">\n\t\t\t\t\t\t\t\t\t\t\t\t\t\t\t\t\t<em class=\"ui tf_vmiddle tf_textc tf_box \"><svg  aria-hidden=\"true\" class=\"tf_fa tf-fab-instagram\"><use href=\"#tf-fab-instagram\"><\/use><\/svg><\/em>\n\t\t\t\t\t\t\t\t\t\t\t\t\t\t\t\t\t\t\t<\/a>\n\t\t\t\t    <\/div>\n\t\t    <div class=\"module-icon-item tf_inline_b\">\n\t\t\t\t\t\t\t<a href=\"https:\/\/www.facebook.com\/frutossecosconsentidos\/\" rel=\"noopener\" target=\"_blank\">\n\t\t\t\t\t\t\t\t\t\t\t\t\t\t\t\t\t<em class=\"ui tf_vmiddle tf_textc tf_box \"><svg  aria-hidden=\"true\" class=\"tf_fa tf-ti-facebook\"><use href=\"#tf-ti-facebook\"><\/use><\/svg><\/em>\n\t\t\t\t\t\t\t\t\t\t\t\t\t\t\t\t\t\t\t<\/a>\n\t\t\t\t    <\/div>\n\t<\/div>\n<!-- \/module icon -->\n<!-- module icon -->\n<div  class=\"module module-icon tb_ud1h891  normal circle icon_horizontal \" data-lazy=\"1\">\n    \t    <div class=\"module-icon-item tf_inline_b\">\n\t\t\t\t\t\t\t\t\t\t\t\t\t\t\t\t\t<em class=\"ui tf_vmiddle tf_textc tf_box \"><svg  aria-hidden=\"true\" class=\"tf_fa tf-ti-location-pin\"><use href=\"#tf-ti-location-pin\"><\/use><\/svg><\/em>\n\t\t\t\t\t\t\t\t\t\t\t\t                    \t\t\t\t\t<span class=\"tf_vmiddle\">Direcci\u00f3n<\/span>\n                                    \t\t\t\t    <\/div>\n\t<\/div>\n<!-- \/module icon -->\n<!-- module text -->\n<div  class=\"module module-text tb_y9eb892  repeat \" data-lazy=\"1\">\n        <div  class=\"tb_text_wrap\">\n    <p>Av. Ossa # 184, \u00d1u\u00f1oa<br>Santiago<\/p>    <\/div>\n<\/div>\n<!-- \/module text -->\t        <\/div>\n\t    \t<\/div>\n\t\t    <\/div>\n\t<\/div><!-- \/themify_builder_sub_row -->\n\t\t        <\/div>\n\t    \t<\/div>\n\t\t    <\/div>\n\t    <!-- \/row_inner -->\n\t<\/div>\n\t<!-- \/module_row -->\n\t\t<!-- module_row -->\n\t<div  data-css_id=\"avmx604\" data-lazy=\"1\" class=\"module_row themify_builder_row repeat fullwidth tb_avmx604 tf_clearfix\" >\n\t    \t\t<div class=\"row_inner col_align_top tf_box tf_w tf_rel\"  data-basecol=\"1\" data-col_tablet=\"column-full\" data-col_tablet_landscape=\"column3-1\">\n\t\t\t<div  data-lazy=\"1\" class=\"module_column tb-column col-full first tb_hyy3608 tf_box\">\n\t\t\t    \t        <div class=\"tb-column-inner tf_box tf_w\">\n\t\t    \t<div  data-lazy=\"1\" class=\"module_subrow themify_builder_sub_row repeat tb_0d3q442 tf_w tf_clearfix\">\n\t    \t\t<div class=\"subrow_inner gutter-none col_align_top tf_box tf_w\"  data-basecol=\"1\" data-col_tablet=\"column4-2\" data-col_tablet_landscape=\"column-full\">\n\t\t\t<div  data-lazy=\"1\" class=\"sub_column module_column tf_box col-full first tb_dvcw444\"> \n\t    \t    \t        <div class=\"tb-column-inner tf_box tf_w\">\n\t\t    <!-- module plain text -->\n<div  class=\"module module-plain-text tb_llt4625 \" data-lazy=\"1\">\n        <div class=\"tb_text_wrap\">\n\t<iframe src=\"https:\/\/www.google.com\/maps\/embed?pb=!1m18!1m12!1m3!1d3328.8998563053633!2d-70.57337404894724!3d-33.451915504879786!2m3!1f0!2f0!3f0!3m2!1i1024!2i768!4f13.1!3m3!1m2!1s0x9662ce4afff353f1%3A0xa650d33ff6ff47c!2zQXYuIE9zc2EgMTg0LCDDkXXDsW9hLCBSZWdpw7NuIE1ldHJvcG9saXRhbmE!5e0!3m2!1ses!2scl!4v1647756797803!5m2!1ses!2scl\" width=\"100%\" height=\"300\" style=\"border:0;\" allowfullscreen=\"\" loading=\"lazy\"><\/iframe>    <\/div>\n<\/div>\n<!-- \/module plain text -->\t        <\/div>\n\t    \t<\/div>\n\t\t    <\/div>\n\t<\/div><!-- \/themify_builder_sub_row -->\n\t\t        <\/div>\n\t    \t<\/div>\n\t\t    <\/div>\n\t    <!-- \/row_inner -->\n\t<\/div>\n\t<!-- \/module_row -->\n\t\t<!-- module_row -->\n\t<div  data-lazy=\"1\" class=\"module_row themify_builder_row builder-parallax-scrolling tb_xvok146 tf_clearfix\" >\n\t    <div class=\"tf_abs builder_row_cover\"><\/div>\t\t<div class=\"row_inner col_align_top tf_box tf_w tf_rel\">\n\t\t\t<div  data-lazy=\"1\" class=\"module_column tb-column col-full first tb_rhq0149 repeat tf_box\">\n\t\t\t    \t        <div class=\"tb-column-inner tf_box tf_w\">\n\t\t    <!-- module fancy heading -->\n<div  class=\"module module-fancy-heading tb_3gxu280  tb_hide_divider\" data-lazy=\"1\">\n        <h3 class=\"fancy-heading tf_textc\">\n    <span  class=\"main-head tf_block\">\n\t\t\t\t\tEscr\u00edbenos\t\t    <\/span>\n    <span class=\"sub-head tf_block tf_rel\">\n\t\t\t\t\t\t\t    <\/span>\n    <\/h3>\n<\/div>\n<!-- \/module fancy heading -->\n<!-- module contact -->\n<div  id=\"tb_53edf88\" class=\"module module-contact tb_53edf88 contact-animated-label \" data-lazy=\"1\">\n    \n\t<form action=\"https:\/\/codesis.cl\/frutosconsentidos\/wp-admin\/admin-ajax.php\"\n\t\tclass=\"builder-contact\"\n\t\tid=\"tb_53edf88-form\"\n\t\tmethod=\"post\"\n\t\tdata-post-id=\"17\"\n\t\tdata-element-id=\"53edf88\"\n\t\tdata-orig-id=\"17\"\n\t>\n    <div class=\"contact-message\"><\/div>\n\t<div class=\"builder-contact-fields tf_rel\">\n\t\t    \t\t    <div class=\"builder-contact-field builder-contact-field-name builder-contact-text-field\">\n\t\t\t    <label class=\"control-label\" for=\"tb_53edf88-contact-name\"><span class=\"tb-label-span\">Nombre <\/span><\/label>\n\t\t\t    <div class=\"control-input tf_rel\">\n\t\t\t\t    \t\t\t\t\t    <input type=\"text\" name=\"contact-name\" placeholder=\" \" id=\"tb_53edf88-contact-name\" value=\"\" class=\"form-control\" >\n\t\t\t\t    \t\t\t\t    \t\t\t\t\t    <span class=\"tb_contact_label\">\n\t\t\t\t\t\t    <span class=\"tb-label-span\">Nombre <\/span>\t\t\t\t\t    <\/span>\n\t\t\t\t    \t\t\t    <\/div>\n\t\t<\/div>\n\t    \n\t\t    \t\t    <div class=\"builder-contact-field builder-contact-field-email builder-contact-text-field\">\n\t\t\t    <label class=\"control-label\" for=\"tb_53edf88-contact-email\"><span class=\"tb-label-span\">Email <\/span><\/label>\n\t\t\t    <div class=\"control-input tf_rel\">\n\t\t\t\t    \t\t\t\t\t    <input type=\"text\" name=\"contact-email\" placeholder=\" \" id=\"tb_53edf88-contact-email\" value=\"\" class=\"form-control\" >\n\t\t\t\t    \t\t\t\t    \t\t\t\t\t    <span class=\"tb_contact_label\">\n\t\t\t\t\t\t    <span class=\"tb-label-span\">Email <\/span>\t\t\t\t\t    <\/span>\n\t\t\t\t    \t\t\t    <\/div>\n\t\t<\/div>\n\t    \n\t\t    \t\t    \t\t    <div class=\"builder-contact-field builder-contact-field-extra builder-contact-text-field\">\n\t\t\t\t<label class=\"control-label\" for=\"field_extra_tb_53edf88_0\">\n\t\t\t\t\tTel\u00e9fono\t\t\t\t\t\t\t\t\t\t\t<input type=\"hidden\" name=\"field_extra_name_0\" value=\"Tel\u00e9fono\">\n\t\t\t\t\t\t\t\t\t<\/label>\n\t\t\t\t<div class=\"control-input tf_rel\">\n\t\t\t\t\t\t\t\t\t\t\t<input type=\"text\" name=\"field_extra_0\" id=\"field_extra_tb_53edf88_0\" placeholder=\" \" class=\"form-control\">\n\t\t\t\t\t\n\t\t\t\t\t\t\t\t\t\t\t<span class=\"tb_contact_label\">\n\t\t\t\t\t\t\tTel\u00e9fono\t\t\t\t\t\t<\/span>\n\t\t\t\t\t\t\t\t\t<\/div>\n\t\t    <\/div>\n\t    \n\t\t    \t\t    <div class=\"builder-contact-field builder-contact-field-message builder-contact-textarea-field\">\n\t\t\t    <label class=\"control-label\" for=\"tb_53edf88-contact-message\"><span class=\"tb-label-span\">Mensaje <\/span><span class=\"required\">*<\/span><\/label>\n\t\t\t    <div class=\"control-input tf_rel\">\n\t\t\t\t    \t\t\t\t\t    <textarea name=\"contact-message\" placeholder=\" \" id=\"tb_53edf88-contact-message\" class=\"form-control\" required><\/textarea>\n\t\t\t\t    \t\t\t\t    \t\t\t\t\t    <span class=\"tb_contact_label\">\n\t\t\t\t\t\t    <span class=\"tb-label-span\">Mensaje <\/span><span class=\"required\">*<\/span>\t\t\t\t\t    <\/span>\n\t\t\t\t    \t\t\t    <\/div>\n\t\t<\/div>\n\t    \n\t\t    \n\t\t\n\t\t\n\t    \t    <div class=\"builder-contact-field builder-contact-field-send control-input tf_textr tf_clear tf_rel\">\n\t\t\t<button type=\"submit\" class=\"btn btn-primary\"><span class=\"tf_loader\"><\/span>Enviar<\/button>\n\t    <\/div>\n\t<\/div>\n    <\/form>\n\n    <\/div>\n<!-- \/module contact -->\n\t        <\/div>\n\t    \t<\/div>\n\t\t    <\/div>\n\t    <!-- \/row_inner -->\n\t<\/div>\n\t<!-- \/module_row -->\n\t\t<!-- module_row -->\n\t<div  data-css_id=\"vxcx437\" data-lazy=\"1\" class=\"module_row themify_builder_row fullwidth tb_vxcx437 tf_clearfix\" >\n\t    \t\t<div class=\"row_inner col_align_top tf_box tf_w tf_rel\">\n\t\t\t<div  data-lazy=\"1\" class=\"module_column tb-column col-full first tb_d8wl441 tf_box\">\n\t\t\t    \t<\/div>\n\t\t    <\/div>\n\t    <!-- \/row_inner -->\n\t<\/div>\n\t<!-- \/module_row -->\n\t<\/div>\n<!--\/themify_builder_content-->","protected":false},"excerpt":{"rendered":"<p>Cont\u00e1ctanos Para que nos dejes saber lo que necesitas Whatsapp (+569) 9308 1454 Email ventas@frutosconsentidos.cl Redes sociales Direcci\u00f3n Av. Ossa # 184, \u00d1u\u00f1oaSantiago Escr\u00edbenos Nombre Nombre Email Email Tel\u00e9fono Tel\u00e9fono Mensaje * Mensaje * Enviar<\/p>\n","protected":false},"author":1,"featured_media":0,"parent":0,"menu_order":0,"comment_status":"closed","ping_status":"closed","template":"","meta":{"footnotes":""},"class_list":["post-17","page","type-page","status-publish","hentry","has-post-title","has-post-date","has-post-category","has-post-tag","has-post-comment","has-post-author",""],"builder_content":"<h1>Cont\u00e1ctanos<br\/><\/h1>\n<img src=\"https:\/\/themify.me\/demo\/themes\/shoppe-coffee\/files\/2021\/08\/coffee-bean-divider.png\" width=\"300\" height=\"21\" title=\"Contact\" alt=\"Contact\">\n<h3><br\/>Para que nos dejes saber lo que necesitas<\/h3>\n<em><svg aria-hidden=\"true\"><use href=\"#tf-fas-phone\"><\/use><\/svg><\/em> Whatsapp\n<p>(+569) 9308 1454<\/p>\n<em><svg aria-hidden=\"true\"><use href=\"#tf-far-envelope\"><\/use><\/svg><\/em> Email\n<p>ventas@frutosconsentidos.cl<\/p>\n<em><svg aria-hidden=\"true\"><use href=\"#tf-fas-hashtag\"><\/use><\/svg><\/em> Redes sociales\n<a href=\"https:\/\/www.instagram.com\/frutosconsentidos.cl\/\" rel=\"noopener\" target=\"_blank\"> <em><svg aria-hidden=\"true\"><use href=\"#tf-fab-instagram\"><\/use><\/svg><\/em> <\/a> <a href=\"https:\/\/www.facebook.com\/frutossecosconsentidos\/\" rel=\"noopener\" target=\"_blank\"> <em><svg aria-hidden=\"true\"><use href=\"#tf-ti-facebook\"><\/use><\/svg><\/em> <\/a>\n<em><svg aria-hidden=\"true\"><use href=\"#tf-ti-location-pin\"><\/use><\/svg><\/em> Direcci\u00f3n\n<p>Av. Ossa # 184, \u00d1u\u00f1oa<br>Santiago<\/p>\n<iframe src=\"https:\/\/www.google.com\/maps\/embed?pb=!1m18!1m12!1m3!1d3328.8998563053633!2d-70.57337404894724!3d-33.451915504879786!2m3!1f0!2f0!3f0!3m2!1i1024!2i768!4f13.1!3m3!1m2!1s0x9662ce4afff353f1%3A0xa650d33ff6ff47c!2zQXYuIE9zc2EgMTg0LCDDkXXDsW9hLCBSZWdpw7NuIE1ldHJvcG9saXRhbmE!5e0!3m2!1ses!2scl!4v1647756797803!5m2!1ses!2scl\" width=\"100%\" height=\"300\" style=\"border:0;\" allowfullscreen=\"\" loading=\"lazy\"><\/iframe>\n<h3>Escr\u00edbenos<br\/><\/h3>\n<form action=\"https:\/\/codesis.cl\/frutosconsentidos\/wp-admin\/admin-ajax.php\" class=\"builder-contact\" id=\"tb_53edf88-form\" method=\"post\" data-post-id=\"0\" data-element-id=\"53edf88\" data-orig-id=\"17\" > <label for=\"tb_53edf88-contact-name\">Nombre <\/label> <input type=\"text\" name=\"contact-name\" placeholder=\" \" id=\"tb_53edf88-contact-name\" value=\"\" > Nombre <label for=\"tb_53edf88-contact-email\">Email <\/label> <input type=\"text\" name=\"contact-email\" placeholder=\" \" id=\"tb_53edf88-contact-email\" value=\"\" > Email <label for=\"field_extra_tb_53edf88_0\"> Tel\u00e9fono <input type=\"hidden\" name=\"field_extra_name_0\" value=\"Tel\u00e9fono\"> <\/label> <input type=\"text\" name=\"field_extra_0\" id=\"field_extra_tb_53edf88_0\" placeholder=\" \"> Tel\u00e9fono <label for=\"tb_53edf88-contact-message\">Mensaje *<\/label> <textarea name=\"contact-message\" placeholder=\" \" id=\"tb_53edf88-contact-message\" required><\/textarea> Mensaje * <button type=\"submit\">Enviar<\/button> <\/form>","_links":{"self":[{"href":"https:\/\/codesis.cl\/frutosconsentidos\/wp-json\/wp\/v2\/pages\/17","targetHints":{"allow":["GET"]}}],"collection":[{"href":"https:\/\/codesis.cl\/frutosconsentidos\/wp-json\/wp\/v2\/pages"}],"about":[{"href":"https:\/\/codesis.cl\/frutosconsentidos\/wp-json\/wp\/v2\/types\/page"}],"author":[{"embeddable":true,"href":"https:\/\/codesis.cl\/frutosconsentidos\/wp-json\/wp\/v2\/users\/1"}],"replies":[{"embeddable":true,"href":"https:\/\/codesis.cl\/frutosconsentidos\/wp-json\/wp\/v2\/comments?post=17"}],"version-history":[{"count":22,"href":"https:\/\/codesis.cl\/frutosconsentidos\/wp-json\/wp\/v2\/pages\/17\/revisions"}],"predecessor-version":[{"id":720,"href":"https:\/\/codesis.cl\/frutosconsentidos\/wp-json\/wp\/v2\/pages\/17\/revisions\/720"}],"wp:attachment":[{"href":"https:\/\/codesis.cl\/frutosconsentidos\/wp-json\/wp\/v2\/media?parent=17"}],"curies":[{"name":"wp","href":"https:\/\/api.w.org\/{rel}","templated":true}]}}